
{"id":112,"date":"2015-10-21T11:48:11","date_gmt":"2015-10-21T09:48:11","guid":{"rendered":"http:\/\/www.posthof.be\/fr\/?page_id=112"},"modified":"2015-10-30T15:32:29","modified_gmt":"2015-10-30T14:32:29","slug":"jardin","status":"publish","type":"page","link":"https:\/\/www.posthof.be\/fr\/jardin\/","title":{"rendered":"Jardin"},"content":{"rendered":"<p>Le somptueux domaine est id\u00e9al pour toutes sortes de festivit\u00e9s, d\u2019\u00e9v\u00e9nements, de f\u00eates, r\u00e9ceptions et s\u00e9minaires.<\/p>\n<p>Par beau temps, les r\u00e9ceptions ont lieu dans le jardin magnifique et spacieux. Vous pouvez y accueillir vos invit\u00e9s dans le calme et la beaut\u00e9 tandis que nous les r\u00e9galons avec d\u2019excellentes boissons et des amuse-gueule compos\u00e9s avec soin.<\/p>\n","protected":false},"excerpt":{"rendered":"<p>Le somptueux domaine est id\u00e9al pour toutes sortes de festivit\u00e9s, d\u2019\u00e9v\u00e9nements, de f\u00eates, r\u00e9ceptions et s\u00e9minaires. Par beau temps, les<a class=\"readmore\" href=\"https:\/\/www.posthof.be\/fr\/jardin\/\">En savoir plus &raquo;<\/a><\/p>\n","protected":false},"author":1,"featured_media":0,"parent":0,"menu_order":4,"comment_status":"closed","ping_status":"closed","template":"","meta":{"ngg_post_thumbnail":0,"footnotes":""},"class_list":["post-112","page","type-page","status-publish","hentry"],"_links":{"self":[{"href":"https:\/\/www.posthof.be\/fr\/wp-json\/wp\/v2\/pages\/112","targetHints":{"allow":["GET"]}}],"collection":[{"href":"https:\/\/www.posthof.be\/fr\/wp-json\/wp\/v2\/pages"}],"about":[{"href":"https:\/\/www.posthof.be\/fr\/wp-json\/wp\/v2\/types\/page"}],"author":[{"embeddable":true,"href":"https:\/\/www.posthof.be\/fr\/wp-json\/wp\/v2\/users\/1"}],"replies":[{"embeddable":true,"href":"https:\/\/www.posthof.be\/fr\/wp-json\/wp\/v2\/comments?post=112"}],"version-history":[{"count":1,"href":"https:\/\/www.posthof.be\/fr\/wp-json\/wp\/v2\/pages\/112\/revisions"}],"predecessor-version":[{"id":113,"href":"https:\/\/www.posthof.be\/fr\/wp-json\/wp\/v2\/pages\/112\/revisions\/113"}],"wp:attachment":[{"href":"https:\/\/www.posthof.be\/fr\/wp-json\/wp\/v2\/media?parent=112"}],"curies":[{"name":"wp","href":"https:\/\/api.w.org\/{rel}","templated":true}]}}