
{"id":110,"date":"2015-10-21T11:47:00","date_gmt":"2015-10-21T09:47:00","guid":{"rendered":"http:\/\/www.posthof.be\/fr\/?page_id=110"},"modified":"2015-10-30T15:37:32","modified_gmt":"2015-10-30T14:37:32","slug":"salles","status":"publish","type":"page","link":"https:\/\/www.posthof.be\/fr\/salles\/","title":{"rendered":"Salles"},"content":{"rendered":"<p>Les r\u00e9ceptions int\u00e9rieures peuvent avoir lieu dans la grande v\u00e9randa offrant une vue superbe. Les salles climatis\u00e9es sont am\u00e9nag\u00e9es avec go\u00fbt pour toutes les f\u00eates, mais \u00ab Het Posthof \u00bb est aussi un lieu id\u00e9al pour les r\u00e9unions d\u2019affaires.<\/p>\n<ul class=\"zalen\">\n<li>Grand Ball<\/li>\n<li>Purple Glam<\/li>\n<li>Cosy<\/li>\n<\/ul>\n<p>Les salles styl\u00e9es peuvent accueillir 300, 120, 70 et 30 personnes. Dans la \u00ab Grande Salle \u00bb sobre et les autres salles et salons accueillants, les gourmets seront g\u00e2t\u00e9s avec les plats les plus succulents de notre cuisine qui suit le rythme des saisons. Les cartes de menu et vins \u00e9tendues r\u00e9pondent \u00e0 tous les desiderata. Dans une ambiance douillette et chaleureuse, les petits et grands \u00e9v\u00e9nements de la vie deviennent des souvenirs inoubliables. Toutes les installations n\u00e9cessaires sont disponibles pour des r\u00e9unions d\u2019affaires et des s\u00e9minaires.<\/p>\n","protected":false},"excerpt":{"rendered":"<p>Les r\u00e9ceptions int\u00e9rieures peuvent avoir lieu dans la grande v\u00e9randa offrant une vue superbe. Les salles climatis\u00e9es sont am\u00e9nag\u00e9es avec<a class=\"readmore\" href=\"https:\/\/www.posthof.be\/fr\/salles\/\">En savoir plus &raquo;<\/a><\/p>\n","protected":false},"author":1,"featured_media":0,"parent":0,"menu_order":4,"comment_status":"closed","ping_status":"closed","template":"","meta":{"ngg_post_thumbnail":0,"footnotes":""},"class_list":["post-110","page","type-page","status-publish","hentry"],"_links":{"self":[{"href":"https:\/\/www.posthof.be\/fr\/wp-json\/wp\/v2\/pages\/110","targetHints":{"allow":["GET"]}}],"collection":[{"href":"https:\/\/www.posthof.be\/fr\/wp-json\/wp\/v2\/pages"}],"about":[{"href":"https:\/\/www.posthof.be\/fr\/wp-json\/wp\/v2\/types\/page"}],"author":[{"embeddable":true,"href":"https:\/\/www.posthof.be\/fr\/wp-json\/wp\/v2\/users\/1"}],"replies":[{"embeddable":true,"href":"https:\/\/www.posthof.be\/fr\/wp-json\/wp\/v2\/comments?post=110"}],"version-history":[{"count":1,"href":"https:\/\/www.posthof.be\/fr\/wp-json\/wp\/v2\/pages\/110\/revisions"}],"predecessor-version":[{"id":111,"href":"https:\/\/www.posthof.be\/fr\/wp-json\/wp\/v2\/pages\/110\/revisions\/111"}],"wp:attachment":[{"href":"https:\/\/www.posthof.be\/fr\/wp-json\/wp\/v2\/media?parent=110"}],"curies":[{"name":"wp","href":"https:\/\/api.w.org\/{rel}","templated":true}]}}